{"id":717,"date":"2014-10-15T16:57:44","date_gmt":"2014-10-15T14:57:44","guid":{"rendered":"http:\/\/www.midaweb.it\/?page_id=717"},"modified":"2014-10-15T16:57:44","modified_gmt":"2014-10-15T14:57:44","slug":"stesura-regolamento-condominiale","status":"publish","type":"page","link":"https:\/\/www.studiobettinellivitali.it\/?page_id=717","title":{"rendered":"STESURA REGOLAMENTO CONDOMINIALE"},"content":{"rendered":"<h1 style=\"color: #285375;\">STESURA REGOLAMENTO CONDOMINIALE<\/h1>\n<p>L&#8217;art. 1138 del Codice Civile obbliga la stesura del regolamento condominiale qualora i condomini siano pi\u00f9 dieci.<br \/>\nSuperato questo numero di residenti, i condomini saranno obbligati ad elaborare il regolamento che vincoler\u00e0 all&#8217;uso delle cose comuni e alle regole della convivenza, non solo i proprietari degli immobili, ma altres\u00ec tutti i conduttori e comodatari dei singoli appartamenti costituenti l&#8217;edificio.<br \/>\nData l&#8217;importanza di questo documento, \u00e8 necessaria la presenza di un professionista per stendere un regolamento corretto formalmente e che possa contenere tutto quanto necessario per i condomini.<\/p>\n","protected":false},"excerpt":{"rendered":"<p>STESURA REGOLAMENTO CONDOMINIALE L&#8217;art. 1138 del Codice Civile obbliga la stesura del regolamento condominiale qualora i condomini siano pi\u00f9 dieci. Superato questo numero di residenti, i condomini saranno obbligati ad elaborare il regolamento che vincoler\u00e0 all&#8217;uso delle cose comuni e alle regole della convivenza, non solo i proprietari degli immobili, ma altres\u00ec tutti i conduttori e comodatari dei singoli appartamenti costituenti l&#8217;edificio. Data l&#8217;importanza di questo documento, \u00e8 necessaria la presenza di un professionista per stendere un regolamento corretto formalmente e che possa contenere tutto quanto necessario per i condomini.<\/p>\n","protected":false},"author":3,"featured_media":0,"parent":0,"menu_order":0,"comment_status":"open","ping_status":"open","template":"page-fullwidth.php","meta":[],"_links":{"self":[{"href":"https:\/\/www.studiobettinellivitali.it\/index.php?rest_route=\/wp\/v2\/pages\/717"}],"collection":[{"href":"https:\/\/www.studiobettinellivitali.it\/index.php?rest_route=\/wp\/v2\/pages"}],"about":[{"href":"https:\/\/www.studiobettinellivitali.it\/index.php?rest_route=\/wp\/v2\/types\/page"}],"author":[{"embeddable":true,"href":"https:\/\/www.studiobettinellivitali.it\/index.php?rest_route=\/wp\/v2\/users\/3"}],"replies":[{"embeddable":true,"href":"https:\/\/www.studiobettinellivitali.it\/index.php?rest_route=%2Fwp%2Fv2%2Fcomments&post=717"}],"version-history":[{"count":1,"href":"https:\/\/www.studiobettinellivitali.it\/index.php?rest_route=\/wp\/v2\/pages\/717\/revisions"}],"predecessor-version":[{"id":718,"href":"https:\/\/www.studiobettinellivitali.it\/index.php?rest_route=\/wp\/v2\/pages\/717\/revisions\/718"}],"wp:attachment":[{"href":"https:\/\/www.studiobettinellivitali.it\/index.php?rest_route=%2Fwp%2Fv2%2Fmedia&parent=717"}],"curies":[{"name":"wp","href":"https:\/\/api.w.org\/{rel}","templated":true}]}}