{"id":28,"date":"2014-10-02T14:00:08","date_gmt":"2014-10-02T12:00:08","guid":{"rendered":"http:\/\/www.midaweb.it\/?page_id=28"},"modified":"2024-10-06T18:29:20","modified_gmt":"2024-10-06T16:29:20","slug":"contatti","status":"publish","type":"page","link":"https:\/\/www.studiobettinellivitali.it\/?page_id=28","title":{"rendered":"Contatti"},"content":{"rendered":"<p><iframe style=\"border: 0;\" src=\"https:\/\/www.google.com\/maps\/embed?pb=!1m14!1m8!1m3!1d5574.144930353068!2d9.648759542924163!3d45.689517737162916!3m2!1i1024!2i768!4f13.1!3m3!1m2!1s0x478151751de9aa5b%3A0x62ccd63a2aa80fb5!2sStudio+Bettinelli+Di+Alberto+Vitali+%26+C.Sas!5e0!3m2!1sit!2sit!4v1413467032041\" width=\"500\" height=\"400\" frameborder=\"0\"><\/iframe><\/p>\n<p style=\"text-align: justify; font-size: 12px;\">Il nostro studio \u00e8 aperto dal Luned\u00ec al Venerd\u00ec dalle ore 9:00 alle ore 12:00. Il pomeriggio si riceve su appuntamento. E\u2019 sempre attivo il servizio di segreteria telefonica. Lo studio \u00e8 raggiungibile con i mezzi pubblici utilizzando l\u2019autobus ATB linea C2, fermata di via Leopardi in prossimit\u00e0 dello studio.&nbsp;<\/p>\n<h3 class=\"widget-title\">CONTATTACI<\/h3>\n<div id=\"vfb-form-3\" class=\"visual-form-builder-container\"><form id=\"contattaci-3\" class=\"visual-form-builder vfb-form-3 \" method=\"post\" enctype=\"multipart\/form-data\">\n\t  \t<input type=\"hidden\" name=\"form_id\" value=\"3\" \/><fieldset class=\"vfb-fieldset vfb-fieldset-1 dati \" id=\"item-vfb-52\"><div class=\"vfb-legend\"><h3>Dati<\/h3><\/div><ul class=\"vfb-section vfb-section-1\"><li class=\"vfb-item vfb-item-text  \" id=\"item-vfb-44\"><label for=\"vfb-44\" class=\"vfb-desc\">Nome  <span class=\"vfb-required-asterisk\">*<\/span><\/label><input type=\"text\" name=\"vfb-44\" id=\"vfb-44\" value=\"\" class=\"vfb-text  vfb-medium  required  \" \/><\/li><li class=\"vfb-item vfb-item-text  \" id=\"item-vfb-45\"><label for=\"vfb-45\" class=\"vfb-desc\">Cognome  <span class=\"vfb-required-asterisk\">*<\/span><\/label><input type=\"text\" name=\"vfb-45\" id=\"vfb-45\" value=\"\" class=\"vfb-text  vfb-medium  required  \" \/><\/li><li class=\"vfb-item vfb-item-email  \" id=\"item-vfb-46\"><label for=\"vfb-46\" class=\"vfb-desc\">Email  <span class=\"vfb-required-asterisk\">*<\/span><\/label><input type=\"email\" name=\"vfb-46\" id=\"vfb-46\" value=\"\" class=\"vfb-text  vfb-medium  required  email \" \/><\/li><li class=\"vfb-item vfb-item-text  \" id=\"item-vfb-49\"><label for=\"vfb-49\" class=\"vfb-desc\">Indirizzo  <span class=\"vfb-required-asterisk\">*<\/span><\/label><input type=\"text\" name=\"vfb-49\" id=\"vfb-49\" value=\"\" class=\"vfb-text  vfb-medium  required  \" \/><\/li><li class=\"vfb-item vfb-item-number  \" id=\"item-vfb-51\"><label for=\"vfb-51\" class=\"vfb-desc\">Cap  <span class=\"vfb-required-asterisk\">*<\/span><\/label><input type=\"text\" name=\"vfb-51\" id=\"vfb-51\" value=\"\" class=\"vfb-text  vfb-medium  required  number \" \/><\/li><li class=\"vfb-item vfb-item-text  \" id=\"item-vfb-50\"><label for=\"vfb-50\" class=\"vfb-desc\">Citt\u00e0  <span class=\"vfb-required-asterisk\">*<\/span><\/label><input type=\"text\" name=\"vfb-50\" id=\"vfb-50\" value=\"\" class=\"vfb-text  vfb-medium  required  \" \/><\/li><li class=\"vfb-item vfb-item-textarea   vfb-left-half\" id=\"item-vfb-83\"><label for=\"vfb-83\" class=\"vfb-desc\">Messaggio  <span class=\"vfb-required-asterisk\">*<\/span><\/label><div><textarea name=\"vfb-83\" id=\"vfb-83\" class=\"vfb-textarea  vfb-medium  required \"><\/textarea><\/div><\/li><\/ul>&nbsp;<\/fieldset><fieldset class=\"vfb-fieldset vfb-fieldset-2 contattaci \" id=\"item-vfb-41\" style=\"display:block\"><div class=\"vfb-legend\"><h3>Contattaci<\/h3><\/div><ul class=\"vfb-section vfb-section-2\"><li class=\"vfb-item vfb-item-secret\"  style=\"display:block\"><label for=\"vfb-42\" class=\"vfb-desc\">Inserisci due cifre qualsiasi <span class=\"vfb-required-asterisk\">*<\/span><\/label><input type=\"hidden\" name=\"_vfb-secret\" value=\"vfb-42\" \/><span class=\"vfb-span\"><input type=\"text\" name=\"vfb-42\" id=\"vfb-42\" value=\"\" class=\"vfb-text  vfb-medium  required {digits:true,maxlength:2,minlength:2} \" style=\"display:block\" \/><label>Per esempio: 12<\/label><\/span><li style=\"display:none;\"><label>This box is for spam protection - &lt;strong&gt;please leave it blank&lt;\/strong&gt;:<\/label><div><input name=\"vfb-spam\" \/><\/div><\/li>\n\t\t\t<li class=\"vfb-item vfb-item-submit\" id=\"item-vfb-43\">\n\t\t\t\t<input type=\"submit\" name=\"vfb-submit\" id=\"vfb-43\" value=\"Invia\" class=\"vfb-submit \" \/>\n\t\t\t\t<\/li><\/ul>\n\t\t\t<\/fieldset><input type=\"hidden\" name=\"_wp_http_referer\" value=\"\/index.php?rest_route=%2Fwp%2Fv2%2Fpages%2F28\" \/><\/form><\/div> <!-- .visual-form-builder-container -->\n<form id=\"contattaci-3\" class=\"visual-form-builder vfb-form-3 \" enctype=\"multipart\/form-data\" method=\"post\"><input name=\"form_id\" type=\"hidden\" value=\"3\"> <img src=\"http:\/\/www.studiobettinellivitali.it\/wp-content\/uploads\/2014\/10\/logo1.png\" alt=\"\"><\/form>\n<p style=\"color: #243934; font-size: 14px;\"><b>Studio Bettinelli Vitali<\/b><\/p>\n<p>Via Leopardi, 21<\/p>\n<p>24127 Bergamo<\/p>\n<p><img src=\"http:\/\/www.studiobettinellivitali.it\/wp-content\/uploads\/2014\/10\/email1.png\" alt=\"\"><br>Telefono: 035 254084<\/p>\n<p>Fax: 035 401411<\/p>\n<p><a style=\"text-decoration: none;\" href=\"mailto:info@studiobettinellivitali.it\"> info@studiobettinellivitali.it <\/a><\/p>\n<p><a style=\"text-decoration: none;\" href=\"mailto:alberto.vitali@pec.studiobettinellivitali.it\">alberto.vitali@pec.studiobettinellivitali.it<\/a><\/p>\n<p><a href=\"https:\/\/www.facebook.com\/bettinellivitali\/\">Facebook<\/a> e&nbsp;<a href=\"https:\/\/www.instagram.com\/studio_bettinelli_vitali\/\">Instagram<\/a><\/p>\n\n\n<p>Il servizio ti ha soddisfatto? Lascia una <a href=\"https:\/\/www.google.com\/search?sca_esv=fbf738c26e1a574b&amp;rlz=1C1VDKB_itIT1041IT1041&amp;sxsrf=ADLYWILsRghRCDniVvQS_xn7LKkl-VadvA:1728232050373&amp;uds=ADvngMjcH0KdF7qGWtwTBrP0nt7dbk2-nP0CNKeqjqD_kw1xhX-in613KCBHneGaJG-bA-4RT2-xsu_KYpdPwrD6C2DLjFhIcsqRUvyq_sm8ZCWlvOmHFXjJaoP8Ut-uIqHonAP1UAUj2pvDwFBrPP8ib17bO26pMQ&amp;si=ACC90nzcy7sviKw0NTZoUBUzhQehr3jouizIrVSf6avWI23m1XsPl58VOCNUfAnB8trwOQSfecSSXuFQosc-skfxWmDqVZGK4mIJ6f90Jst3u3dPTmkZctw%3D&amp;q=Studio+Bettinelli+Vitali+s.r.l.+Recensioni&amp;sa=X&amp;ved=2ahUKEwilss6LlvqIAxV33gIHHWrdLWYQ3PALegQIOxAF&amp;biw=1536&amp;bih=695&amp;dpr=1.25\" data-type=\"URL\" data-id=\"https:\/\/www.google.com\/search?sca_esv=fbf738c26e1a574b&amp;rlz=1C1VDKB_itIT1041IT1041&amp;sxsrf=ADLYWILsRghRCDniVvQS_xn7LKkl-VadvA:1728232050373&amp;uds=ADvngMjcH0KdF7qGWtwTBrP0nt7dbk2-nP0CNKeqjqD_kw1xhX-in613KCBHneGaJG-bA-4RT2-xsu_KYpdPwrD6C2DLjFhIcsqRUvyq_sm8ZCWlvOmHFXjJaoP8Ut-uIqHonAP1UAUj2pvDwFBrPP8ib17bO26pMQ&amp;si=ACC90nzcy7sviKw0NTZoUBUzhQehr3jouizIrVSf6avWI23m1XsPl58VOCNUfAnB8trwOQSfecSSXuFQosc-skfxWmDqVZGK4mIJ6f90Jst3u3dPTmkZctw%3D&amp;q=Studio+Bettinelli+Vitali+s.r.l.+Recensioni&amp;sa=X&amp;ved=2ahUKEwilss6LlvqIAxV33gIHHWrdLWYQ3PALegQIOxAF&amp;biw=1536&amp;bih=695&amp;dpr=1.25\">recensione su google.<\/a><\/p>\n","protected":false},"excerpt":{"rendered":"<p>Il nostro studio \u00e8 aperto dal Luned\u00ec al Venerd\u00ec dalle ore 9:00 alle ore 12:00. Il pomeriggio si riceve su appuntamento. E\u2019 sempre attivo il servizio di segreteria telefonica. Lo studio \u00e8 raggiungibile con i mezzi pubblici utilizzando l\u2019autobus ATB linea C2, fermata di via Leopardi in prossimit\u00e0 dello studio.&nbsp; CONTATTACI Studio Bettinelli Vitali Via Leopardi, 21 24127 Bergamo Telefono: 035 254084 Fax: 035 401411 info@studiobettinellivitali.it alberto.vitali@pec.studiobettinellivitali.it Facebook e&nbsp;Instagram Il servizio ti ha soddisfatto? Lascia una recensione su google.<\/p>\n","protected":false},"author":3,"featured_media":0,"parent":0,"menu_order":0,"comment_status":"open","ping_status":"open","template":"page-fullwidth.php","meta":[],"_links":{"self":[{"href":"https:\/\/www.studiobettinellivitali.it\/index.php?rest_route=\/wp\/v2\/pages\/28"}],"collection":[{"href":"https:\/\/www.studiobettinellivitali.it\/index.php?rest_route=\/wp\/v2\/pages"}],"about":[{"href":"https:\/\/www.studiobettinellivitali.it\/index.php?rest_route=\/wp\/v2\/types\/page"}],"author":[{"embeddable":true,"href":"https:\/\/www.studiobettinellivitali.it\/index.php?rest_route=\/wp\/v2\/users\/3"}],"replies":[{"embeddable":true,"href":"https:\/\/www.studiobettinellivitali.it\/index.php?rest_route=%2Fwp%2Fv2%2Fcomments&post=28"}],"version-history":[{"count":63,"href":"https:\/\/www.studiobettinellivitali.it\/index.php?rest_route=\/wp\/v2\/pages\/28\/revisions"}],"predecessor-version":[{"id":1011,"href":"https:\/\/www.studiobettinellivitali.it\/index.php?rest_route=\/wp\/v2\/pages\/28\/revisions\/1011"}],"wp:attachment":[{"href":"https:\/\/www.studiobettinellivitali.it\/index.php?rest_route=%2Fwp%2Fv2%2Fmedia&parent=28"}],"curies":[{"name":"wp","href":"https:\/\/api.w.org\/{rel}","templated":true}]}}