{"id":15,"date":"2014-10-02T12:58:26","date_gmt":"2014-10-02T10:58:26","guid":{"rendered":"http:\/\/www.midaweb.it\/?page_id=15"},"modified":"2020-10-27T15:46:16","modified_gmt":"2020-10-27T14:46:16","slug":"home","status":"publish","type":"page","link":"https:\/\/www.studiobettinellivitali.it\/","title":{"rendered":"Home"},"content":{"rendered":"<p style=\"font-size: 18px; text-align: justify; line-height: 30px; padding: 50px;\">Questo sito nasce con l\u2019intento di migliorare il rapporto tra amministratore e condomini.<br \/>\nPermette a loro di comunicare pi\u00f9 facilmente le proprie esigenze ed essere sempre aggiornati sul proprio condominio ed all&#8217;amministratore di intervenire prontamente su ogni problematica.<\/p>\n<table border=\"0\" width=\"800\" cellpadding=\"15\" align=\"center\">\n<tbody>\n<tr>\n<td width=\"350\"><a href=\"http:\/\/www.studiobettinellivitali.it\/?page_id=857\" target=\"blank\" rel=\"noopener noreferrer\"><img src=\"http:\/\/www.studiobettinellivitali.it\/wp-content\/uploads\/2014\/11\/reg.png\" alt=\"interventi\" \/><br \/>\n<\/a><a href=\"http:\/\/www.studiobettinellivitali.it\/?page_id=857\" target=\"blank\" rel=\"noopener noreferrer\"><br \/>\n<\/a><\/p>\n<h2 style=\"color: #318c2c;\">REGISTRATI<\/h2>\n<hr \/>\n<p style=\"color: #000000; font-size: 16px;\">Non sai come registrarti? Leggi di pi\u00f9 &#8230;<\/p>\n<p><a href=\"http:\/\/www.studiobettinellivitali.it\/?page_id=857\" target=\"blank\" rel=\"noopener noreferrer\">\u00a0<\/a><\/td>\n<td width=\"400\">\n<h2 style=\"color: #318c2c; text-align: left;\">MODALITA&#8217; DI APPUNTAMENTO<\/h2>\n<hr style=\"color: #285375;\" \/>\n<div class=\"post-content\">\n<p style=\"text-align: left;\">Si informa che lo Studio Bettinelli Vitali \u00e8 aperto dal luned\u00ec al venerd\u00ec dalle 9.00 alle 12.00, ma fino a data da destinarsi si ricever\u00e0 SOLO SU APPUNTAMENTO.<\/p>\n<p>E&#8217; possibile fissare gli appuntamenti telefonando o prenotandosi al seguente link\u00a0<a href=\"https:\/\/calendar.google.com\/calendar\/selfsched?sstoken=UURreTQtU0RsRy1mfGRlZmF1bHR8YzMzY2ZjYTAyOGU1MGRiYWE4YzNjODFjOWZjM2M1YzQ\">https:\/\/calendar.google.com\/calendar\/selfsched?sstoken=UURreTQtU0RsRy1mfGRlZmF1bHR8YzMzY2ZjYTAyOGU1MGRiYWE4YzNjODFjOWZjM2M1YzQ<\/a><\/p>\n<p style=\"text-align: left;\">\n<\/div>\n<\/td>\n<td width=\"22\"><\/td>\n<\/tr>\n<\/tbody>\n<\/table>\n<table border=\"0\" width=\"800\" cellpadding=\"25\" align=\"center\">\n<tbody>\n<tr>\n<td><a href=\"http:\/\/interventi.studiobettinellivitali.it\/login\"><img src=\"http:\/\/www.studiobettinellivitali.it\/wp-content\/uploads\/2014\/10\/interventi1.png\" alt=\"interventi\" \/><\/a><\/p>\n<h2>RICHIESTA INTERVENTO<\/h2>\n<hr style=\"color: #285375;\" \/>\n<p style=\"color: #000000;\">Segnala gli interventi necessari per il condominio e verificane lo stato di avanzamento.<\/p>\n<div><a href=\"http:\/\/interventi.studiobettinellivitali.it\/login\"><br \/>\n<\/a> <a href=\"http:\/\/interventi.studiobettinellivitali.it\/login\"><br \/>\n<\/a><\/div>\n<\/td>\n<td valign=\"top\"><a href=\"http:\/\/interventi.studiobettinellivitali.it\/login\"><img src=\"http:\/\/www.studiobettinellivitali.it\/wp-content\/uploads\/2014\/10\/condomini11.png\" alt=\"condomini\" \/><\/a><\/p>\n<h2>AREA<br \/>\nCONDOMINI<\/h2>\n<hr style=\"color: #285375;\" \/>\n<p style=\"color: #000000;\">Visiona i dati del tuo condominio, i fornitori, i rendiconti e i verbali di assemblea.<\/p>\n<p><a href=\"http:\/\/interventi.studiobettinellivitali.it\/login\"><br \/>\n<\/a> <a href=\"http:\/\/interventi.studiobettinellivitali.it\/login\"><br \/>\n<\/a><\/td>\n<td><a href=\"http:\/\/www.studiobettinellivitali.it\/?page_id=391\" target=\"blank\" rel=\"noopener noreferrer\"><img src=\"http:\/\/www.studiobettinellivitali.it\/wp-content\/uploads\/2014\/10\/preventivi1.png\" alt=\"preventivi\" \/><\/a><\/p>\n<h2>RICHIESTA PREVENTIVO<\/h2>\n<hr style=\"color: #285375;\" \/>\n<p style=\"color: #000000;\">Anche se non sei ancora un nostro condomino, richiedi il nostro preventivo gratuito.<\/p>\n<p><a href=\"http:\/\/www.studiobettinellivitali.it\/?page_id=391\" target=\"blank\" rel=\"noopener noreferrer\">\u00a0<\/a><\/td>\n<\/tr>\n<\/tbody>\n<\/table>\n","protected":false},"excerpt":{"rendered":"<p>Questo sito nasce con l\u2019intento di migliorare il rapporto tra amministratore e condomini. Permette a loro di comunicare pi\u00f9 facilmente le proprie esigenze ed essere sempre aggiornati sul proprio condominio ed all&#8217;amministratore di intervenire prontamente su ogni problematica. REGISTRATI Non sai come registrarti? Leggi di pi\u00f9 &#8230; \u00a0 MODALITA&#8217; DI APPUNTAMENTO Si informa che lo Studio Bettinelli Vitali \u00e8 aperto dal luned\u00ec al venerd\u00ec dalle 9.00 alle 12.00, ma fino a data da destinarsi si ricever\u00e0 SOLO SU APPUNTAMENTO. E&#8217; possibile fissare gli appuntamenti telefonando o prenotandosi al seguente link\u00a0https:\/\/calendar.google.com\/calendar\/selfsched?sstoken=UURreTQtU0RsRy1mfGRlZmF1bHR8YzMzY2ZjYTAyOGU1MGRiYWE4YzNjODFjOWZjM2M1YzQ RICHIESTA INTERVENTO Segnala gli interventi necessari per il condominio e&nbsp;<a href=\"https:\/\/www.studiobettinellivitali.it\/\" class=\"read-more\">Continue Reading<\/a><\/p>\n","protected":false},"author":3,"featured_media":0,"parent":0,"menu_order":0,"comment_status":"open","ping_status":"open","template":"page-fullwidth.php","meta":[],"_links":{"self":[{"href":"https:\/\/www.studiobettinellivitali.it\/index.php?rest_route=\/wp\/v2\/pages\/15"}],"collection":[{"href":"https:\/\/www.studiobettinellivitali.it\/index.php?rest_route=\/wp\/v2\/pages"}],"about":[{"href":"https:\/\/www.studiobettinellivitali.it\/index.php?rest_route=\/wp\/v2\/types\/page"}],"author":[{"embeddable":true,"href":"https:\/\/www.studiobettinellivitali.it\/index.php?rest_route=\/wp\/v2\/users\/3"}],"replies":[{"embeddable":true,"href":"https:\/\/www.studiobettinellivitali.it\/index.php?rest_route=%2Fwp%2Fv2%2Fcomments&post=15"}],"version-history":[{"count":188,"href":"https:\/\/www.studiobettinellivitali.it\/index.php?rest_route=\/wp\/v2\/pages\/15\/revisions"}],"predecessor-version":[{"id":967,"href":"https:\/\/www.studiobettinellivitali.it\/index.php?rest_route=\/wp\/v2\/pages\/15\/revisions\/967"}],"wp:attachment":[{"href":"https:\/\/www.studiobettinellivitali.it\/index.php?rest_route=%2Fwp%2Fv2%2Fmedia&parent=15"}],"curies":[{"name":"wp","href":"https:\/\/api.w.org\/{rel}","templated":true}]}}